{"id":4221,"date":"2024-02-13T18:46:26","date_gmt":"2024-02-13T17:46:26","guid":{"rendered":"https:\/\/gollowers.com\/?post_type=product&#038;p=4221"},"modified":"2024-07-16T19:06:04","modified_gmt":"2024-07-16T17:06:04","slug":"gorra-dinho-camuflada","status":"publish","type":"product","link":"https:\/\/gollowers.com\/?product=gorra-dinho-camuflada","title":{"rendered":"Gorra Dinho Camuflada"},"content":{"rendered":"<p class=\"p1\">Materiales:<\/p>\n<p>Tela<\/p>\n<p>Maya<\/p>\n<p>Cierre ajustable<\/p>\n","protected":false},"excerpt":{"rendered":"<p class=\"p1\">Una <b><i>GORRA infaltable<\/i><\/b>\u00a0en el ropero de todo\u00a0<strong>GOLLOWER.\u00a0<\/strong><\/p>\n<p class=\"p1\"><b>La sonrisa del f\u00fatbol mundial, Ronaldinho y\u00a0 su legado en el f\u00fatbol lo hace merecedor de estar en esta gorra, <\/b>llevar\u00e1s la calidad de Dinho a donde vayas en tu d\u00eda a d\u00eda.\u00a0 Echaaaa pa ashaaa Bobo.<\/p>\n","protected":false},"featured_media":4224,"comment_status":"open","ping_status":"closed","template":"","meta":{"_joinchat":[]},"pwb-brand":[220],"product_brand":[],"product_cat":[163],"product_tag":[215,216,225,226,222,224,223,221],"class_list":{"0":"post-4221","1":"product","2":"type-product","3":"status-publish","4":"has-post-thumbnail","6":"pwb-brand-gollowers-store","7":"product_cat-gorras","8":"product_tag-barca","9":"product_tag-barcelona","10":"product_tag-brasil","11":"product_tag-brazil","12":"product_tag-dinho","13":"product_tag-milan","14":"product_tag-psg","15":"product_tag-ronaldinho","16":"product_shipping_class-gorras","18":"first","19":"instock","20":"taxable","21":"shipping-taxable","22":"purchasable","23":"product-type-simple"},"jetpack_sharing_enabled":true,"brands":[{"id":220,"name":"Gollowers Store","slug":"gollowers-store"}],"_links":{"self":[{"href":"https:\/\/gollowers.com\/index.php?rest_route=\/wp\/v2\/product\/4221"}],"collection":[{"href":"https:\/\/gollowers.com\/index.php?rest_route=\/wp\/v2\/product"}],"about":[{"href":"https:\/\/gollowers.com\/index.php?rest_route=\/wp\/v2\/types\/product"}],"replies":[{"embeddable":true,"href":"https:\/\/gollowers.com\/index.php?rest_route=%2Fwp%2Fv2%2Fcomments&post=4221"}],"wp:featuredmedia":[{"embeddable":true,"href":"https:\/\/gollowers.com\/index.php?rest_route=\/wp\/v2\/media\/4224"}],"wp:attachment":[{"href":"https:\/\/gollowers.com\/index.php?rest_route=%2Fwp%2Fv2%2Fmedia&parent=4221"}],"wp:term":[{"taxonomy":"pwb-brand","embeddable":true,"href":"https:\/\/gollowers.com\/index.php?rest_route=%2Fwp%2Fv2%2Fpwb-brand&post=4221"},{"taxonomy":"product_brand","embeddable":true,"href":"https:\/\/gollowers.com\/index.php?rest_route=%2Fwp%2Fv2%2Fproduct_brand&post=4221"},{"taxonomy":"product_cat","embeddable":true,"href":"https:\/\/gollowers.com\/index.php?rest_route=%2Fwp%2Fv2%2Fproduct_cat&post=4221"},{"taxonomy":"product_tag","embeddable":true,"href":"https:\/\/gollowers.com\/index.php?rest_route=%2Fwp%2Fv2%2Fproduct_tag&post=4221"}],"curies":[{"name":"wp","href":"https:\/\/api.w.org\/{rel}","templated":true}]}}