{"id":4011,"date":"2023-11-15T23:36:47","date_gmt":"2023-11-15T22:36:47","guid":{"rendered":"https:\/\/gollowers.com\/?post_type=product&#038;p=4011"},"modified":"2024-07-16T19:06:43","modified_gmt":"2024-07-16T17:06:43","slug":"medias-qatar-2022","status":"publish","type":"product","link":"https:\/\/gollowers.com\/?product=medias-qatar-2022","title":{"rendered":"Medias Qatar 2022"},"content":{"rendered":"<p class=\"p1\"><b>Algod\u00f3n peinado 71%<\/b>\u00a0 \u00a0 <b>Elastico 18%<\/b>\u00a0 \u00a0<b>Lycra 11%<\/b><\/p>\n<p class=\"p1\"><i>Dise\u00f1os exclusivos, unidades limitadas.<\/i><\/p>\n<p class=\"p1\"><i>Producto 100% Colombiano.<\/i><\/p>\n","protected":false},"excerpt":{"rendered":"<p class=\"p1\">Unas <b><i>medias infaltables<\/i><\/b> en el ropero de todo <strong>GOLLOWER.\u00a0<\/strong><\/p>\n<p class=\"p1\"><b>Los mundiales marcan miles de vidas, en Qatar 2022 se marc\u00f3 una era, <\/b>estas medias te permitir\u00e1n llevar la calidad de ellas a donde vayas en tu d\u00eda a d\u00eda.<\/p>\n<p>&nbsp;<\/p>\n","protected":false},"featured_media":4012,"comment_status":"open","ping_status":"closed","template":"","meta":{"_joinchat":[]},"pwb-brand":[220],"product_brand":[],"product_cat":[157],"product_tag":[200,201,158,197,199,202,196,198],"class_list":{"0":"post-4011","1":"product","2":"type-product","3":"status-publish","4":"has-post-thumbnail","6":"pwb-brand-gollowers-store","7":"product_cat-medias","8":"product_tag-gollowers","9":"product_tag-gollowers-store","10":"product_tag-medias","11":"product_tag-medias-futbol","12":"product_tag-mundial-de-futbol","13":"product_tag-qatar","14":"product_tag-qatar-2022","15":"product_tag-world-cup","16":"product_shipping_class-medias","18":"first","19":"instock","20":"purchasable","21":"product-type-simple"},"jetpack_sharing_enabled":true,"brands":[{"id":220,"name":"Gollowers Store","slug":"gollowers-store"}],"_links":{"self":[{"href":"https:\/\/gollowers.com\/index.php?rest_route=\/wp\/v2\/product\/4011"}],"collection":[{"href":"https:\/\/gollowers.com\/index.php?rest_route=\/wp\/v2\/product"}],"about":[{"href":"https:\/\/gollowers.com\/index.php?rest_route=\/wp\/v2\/types\/product"}],"replies":[{"embeddable":true,"href":"https:\/\/gollowers.com\/index.php?rest_route=%2Fwp%2Fv2%2Fcomments&post=4011"}],"wp:featuredmedia":[{"embeddable":true,"href":"https:\/\/gollowers.com\/index.php?rest_route=\/wp\/v2\/media\/4012"}],"wp:attachment":[{"href":"https:\/\/gollowers.com\/index.php?rest_route=%2Fwp%2Fv2%2Fmedia&parent=4011"}],"wp:term":[{"taxonomy":"pwb-brand","embeddable":true,"href":"https:\/\/gollowers.com\/index.php?rest_route=%2Fwp%2Fv2%2Fpwb-brand&post=4011"},{"taxonomy":"product_brand","embeddable":true,"href":"https:\/\/gollowers.com\/index.php?rest_route=%2Fwp%2Fv2%2Fproduct_brand&post=4011"},{"taxonomy":"product_cat","embeddable":true,"href":"https:\/\/gollowers.com\/index.php?rest_route=%2Fwp%2Fv2%2Fproduct_cat&post=4011"},{"taxonomy":"product_tag","embeddable":true,"href":"https:\/\/gollowers.com\/index.php?rest_route=%2Fwp%2Fv2%2Fproduct_tag&post=4011"}],"curies":[{"name":"wp","href":"https:\/\/api.w.org\/{rel}","templated":true}]}}