{"id":4005,"date":"2023-11-15T23:20:49","date_gmt":"2023-11-15T22:20:49","guid":{"rendered":"https:\/\/gollowers.com\/?post_type=product&#038;p=4005"},"modified":"2024-07-30T03:53:43","modified_gmt":"2024-07-30T01:53:43","slug":"medias-freddy-rincon-90","status":"publish","type":"product","link":"https:\/\/gollowers.com\/?product=medias-freddy-rincon-90","title":{"rendered":"Medias Freddy Rinc\u00f3n 90"},"content":{"rendered":"<p class=\"p1\"><b>Algod\u00f3n peinado 71%<\/b>\u00a0 \u00a0 <b>Elastico 18%<\/b>\u00a0 \u00a0<b>Lycra 11%<\/b><\/p>\n<p class=\"p1\"><i>Dise\u00f1os exclusivos, unidades limitadas.<\/i><\/p>\n<p class=\"p1\"><i>Producto 100% Colombiano.<\/i><\/p>\n","protected":false},"excerpt":{"rendered":"<p class=\"p1\">Unas <b><i>medias infaltables<\/i><\/b> en el ropero de todo <strong>GOLLOWER Colombiano.\u00a0<\/strong><\/p>\n<p class=\"p1\"><b>Un Momento hist\u00f3rico, donde\u00a0 un coloso hace un GOL hist\u00f3rico para Colombia en Italia 90, <\/b>estas medias te permitir\u00e1n llevar la calidad de ellas a donde vayas en tu d\u00eda a d\u00eda.<\/p>\n<p>&nbsp;<\/p>\n","protected":false},"featured_media":4006,"comment_status":"open","ping_status":"closed","template":"","meta":{"_joinchat":[]},"pwb-brand":[220],"product_brand":[],"product_cat":[157],"product_tag":[191,194,195,193,158,192],"class_list":{"0":"post-4005","1":"product","2":"type-product","3":"status-publish","4":"has-post-thumbnail","6":"pwb-brand-gollowers-store","7":"product_cat-medias","8":"product_tag-freddy-rincon","9":"product_tag-gol-de-colombia","10":"product_tag-gol-freddy-rincon","11":"product_tag-italia-90","12":"product_tag-medias","13":"product_tag-rincon","14":"product_shipping_class-medias","16":"first","17":"outofstock","18":"taxable","19":"shipping-taxable","20":"purchasable","21":"product-type-simple"},"jetpack_sharing_enabled":true,"brands":[{"id":220,"name":"Gollowers Store","slug":"gollowers-store"}],"_links":{"self":[{"href":"https:\/\/gollowers.com\/index.php?rest_route=\/wp\/v2\/product\/4005"}],"collection":[{"href":"https:\/\/gollowers.com\/index.php?rest_route=\/wp\/v2\/product"}],"about":[{"href":"https:\/\/gollowers.com\/index.php?rest_route=\/wp\/v2\/types\/product"}],"replies":[{"embeddable":true,"href":"https:\/\/gollowers.com\/index.php?rest_route=%2Fwp%2Fv2%2Fcomments&post=4005"}],"wp:featuredmedia":[{"embeddable":true,"href":"https:\/\/gollowers.com\/index.php?rest_route=\/wp\/v2\/media\/4006"}],"wp:attachment":[{"href":"https:\/\/gollowers.com\/index.php?rest_route=%2Fwp%2Fv2%2Fmedia&parent=4005"}],"wp:term":[{"taxonomy":"pwb-brand","embeddable":true,"href":"https:\/\/gollowers.com\/index.php?rest_route=%2Fwp%2Fv2%2Fpwb-brand&post=4005"},{"taxonomy":"product_brand","embeddable":true,"href":"https:\/\/gollowers.com\/index.php?rest_route=%2Fwp%2Fv2%2Fproduct_brand&post=4005"},{"taxonomy":"product_cat","embeddable":true,"href":"https:\/\/gollowers.com\/index.php?rest_route=%2Fwp%2Fv2%2Fproduct_cat&post=4005"},{"taxonomy":"product_tag","embeddable":true,"href":"https:\/\/gollowers.com\/index.php?rest_route=%2Fwp%2Fv2%2Fproduct_tag&post=4005"}],"curies":[{"name":"wp","href":"https:\/\/api.w.org\/{rel}","templated":true}]}}