{"id":3999,"date":"2023-11-01T22:10:11","date_gmt":"2023-11-01T21:10:11","guid":{"rendered":"https:\/\/gollowers.com\/?post_type=product&#038;p=3999"},"modified":"2023-11-24T15:57:45","modified_gmt":"2023-11-24T14:57:45","slug":"medias-zizu-copia","status":"publish","type":"product","link":"https:\/\/gollowers.com\/?product=medias-zizu-copia","title":{"rendered":"Medias selecci\u00f3n femenina"},"content":{"rendered":"<p class=\"p1\"><b>Algod\u00f3n peinado 71%<\/b>\u00a0 \u00a0 <b>Elastico 18%<\/b>\u00a0 \u00a0<b>Lycra 11%<\/b><\/p>\n<p class=\"p1\"><i>Dise\u00f1os exclusivos, unidades limitadas.<\/i><\/p>\n<p class=\"p1\"><i>Producto 100% Colombiano.<\/i><\/p>\n","protected":false},"excerpt":{"rendered":"<p class=\"p1\">Unas <b><i>medias infaltables<\/i><\/b> en el ropero de todo <strong>GOLLOWER.\u00a0<\/strong><\/p>\n<p class=\"p1\"><b>La sele Femenina cafetera ha marcado un camino de victorias, <\/b>estas medias te permitir\u00e1n llevar la calidad de ellas a donde vayas en tu d\u00eda a d\u00eda.<\/p>\n<p>Homenaje para ellas, <strong>GRACIAS MUCHACHAS<\/strong><\/p>\n","protected":false},"featured_media":4000,"comment_status":"open","ping_status":"closed","template":"","meta":{"_joinchat":[]},"pwb-brand":[220],"product_brand":[],"product_cat":[157],"product_tag":[189,188,190,187,186],"class_list":{"0":"post-3999","1":"product","2":"type-product","3":"status-publish","4":"has-post-thumbnail","6":"pwb-brand-gollowers-store","7":"product_cat-medias","8":"product_tag-femenino","9":"product_tag-futbol-femenino","10":"product_tag-linda-caicedo","11":"product_tag-seleccion-colombia","12":"product_tag-seleccion-femenina-colombia","13":"product_shipping_class-medias","15":"first","16":"instock","17":"taxable","18":"shipping-taxable","19":"purchasable","20":"product-type-simple"},"jetpack_sharing_enabled":true,"brands":[{"id":220,"name":"Gollowers Store","slug":"gollowers-store"}],"_links":{"self":[{"href":"https:\/\/gollowers.com\/index.php?rest_route=\/wp\/v2\/product\/3999"}],"collection":[{"href":"https:\/\/gollowers.com\/index.php?rest_route=\/wp\/v2\/product"}],"about":[{"href":"https:\/\/gollowers.com\/index.php?rest_route=\/wp\/v2\/types\/product"}],"replies":[{"embeddable":true,"href":"https:\/\/gollowers.com\/index.php?rest_route=%2Fwp%2Fv2%2Fcomments&post=3999"}],"wp:featuredmedia":[{"embeddable":true,"href":"https:\/\/gollowers.com\/index.php?rest_route=\/wp\/v2\/media\/4000"}],"wp:attachment":[{"href":"https:\/\/gollowers.com\/index.php?rest_route=%2Fwp%2Fv2%2Fmedia&parent=3999"}],"wp:term":[{"taxonomy":"pwb-brand","embeddable":true,"href":"https:\/\/gollowers.com\/index.php?rest_route=%2Fwp%2Fv2%2Fpwb-brand&post=3999"},{"taxonomy":"product_brand","embeddable":true,"href":"https:\/\/gollowers.com\/index.php?rest_route=%2Fwp%2Fv2%2Fproduct_brand&post=3999"},{"taxonomy":"product_cat","embeddable":true,"href":"https:\/\/gollowers.com\/index.php?rest_route=%2Fwp%2Fv2%2Fproduct_cat&post=3999"},{"taxonomy":"product_tag","embeddable":true,"href":"https:\/\/gollowers.com\/index.php?rest_route=%2Fwp%2Fv2%2Fproduct_tag&post=3999"}],"curies":[{"name":"wp","href":"https:\/\/api.w.org\/{rel}","templated":true}]}}