{"id":1155,"date":"2022-11-03T08:25:19","date_gmt":"2022-11-03T07:25:19","guid":{"rendered":"https:\/\/demo.ovatheme.com\/spoclub\/?post_type=product&#038;p=1155"},"modified":"2023-11-24T15:58:38","modified_gmt":"2023-11-24T14:58:38","slug":"tottenham-strike","status":"publish","type":"product","link":"https:\/\/gollowers.com\/?product=tottenham-strike","title":{"rendered":"Medias Zizu"},"content":{"rendered":"<p class=\"p1\"><b>Algod\u00f3n peinado 71%<\/b>\u00a0 \u00a0 <b>Elastico 18%<\/b>\u00a0 \u00a0<b>Lycra 11%<\/b><\/p>\n<p class=\"p1\"><i>Dise\u00f1os exclusivos, unidades limitadas.<\/i><\/p>\n<p class=\"p1\"><i>Producto 100% Colombiano.<\/i><\/p>\n","protected":false},"excerpt":{"rendered":"<p class=\"p1\">Unas <b><i>medias infaltables<\/i><\/b> en el ropero de todo <strong>GOLLOWER.\u00a0<\/strong><\/p>\n<p class=\"p1\"><b>\u00abHarry Potter\u00bb, el mago franc\u00e9s ZIZU<\/b> campe\u00f3n del mundo, y jugador que hizo parte del equipo de los Gal\u00e1cticos del Real Madrid, junto con: Ronaldo, Beckham, Roberto Carlos, Makelele, Ra\u00fal.<\/p>\n<p>Estas medias recrean ese gran golazo anotado por Zizu en la Champions League contra el Bayern Leverkussen, momento hist\u00f3rico<\/p>\n","protected":false},"featured_media":3976,"comment_status":"open","ping_status":"closed","template":"","meta":{"_joinchat":[]},"pwb-brand":[220],"product_brand":[],"product_cat":[157],"product_tag":[168,167,165,166,164],"class_list":{"0":"post-1155","1":"product","2":"type-product","3":"status-publish","4":"has-post-thumbnail","6":"pwb-brand-gollowers-store","7":"product_cat-medias","8":"product_tag-champions-league","9":"product_tag-real-madrid","10":"product_tag-zidane","11":"product_tag-zinedine-zidane","12":"product_tag-zizu","13":"product_shipping_class-medias","15":"first","16":"instock","17":"taxable","18":"shipping-taxable","19":"purchasable","20":"product-type-simple"},"jetpack_sharing_enabled":true,"brands":[{"id":220,"name":"Gollowers Store","slug":"gollowers-store"}],"_links":{"self":[{"href":"https:\/\/gollowers.com\/index.php?rest_route=\/wp\/v2\/product\/1155"}],"collection":[{"href":"https:\/\/gollowers.com\/index.php?rest_route=\/wp\/v2\/product"}],"about":[{"href":"https:\/\/gollowers.com\/index.php?rest_route=\/wp\/v2\/types\/product"}],"replies":[{"embeddable":true,"href":"https:\/\/gollowers.com\/index.php?rest_route=%2Fwp%2Fv2%2Fcomments&post=1155"}],"wp:featuredmedia":[{"embeddable":true,"href":"https:\/\/gollowers.com\/index.php?rest_route=\/wp\/v2\/media\/3976"}],"wp:attachment":[{"href":"https:\/\/gollowers.com\/index.php?rest_route=%2Fwp%2Fv2%2Fmedia&parent=1155"}],"wp:term":[{"taxonomy":"pwb-brand","embeddable":true,"href":"https:\/\/gollowers.com\/index.php?rest_route=%2Fwp%2Fv2%2Fpwb-brand&post=1155"},{"taxonomy":"product_brand","embeddable":true,"href":"https:\/\/gollowers.com\/index.php?rest_route=%2Fwp%2Fv2%2Fproduct_brand&post=1155"},{"taxonomy":"product_cat","embeddable":true,"href":"https:\/\/gollowers.com\/index.php?rest_route=%2Fwp%2Fv2%2Fproduct_cat&post=1155"},{"taxonomy":"product_tag","embeddable":true,"href":"https:\/\/gollowers.com\/index.php?rest_route=%2Fwp%2Fv2%2Fproduct_tag&post=1155"}],"curies":[{"name":"wp","href":"https:\/\/api.w.org\/{rel}","templated":true}]}}