{"id":3252,"date":"2022-11-25T07:54:07","date_gmt":"2022-11-25T07:54:07","guid":{"rendered":"https:\/\/demo.ovatheme.com\/spoclub\/?page_id=3252"},"modified":"2025-06-26T17:50:05","modified_gmt":"2025-06-26T15:50:05","slug":"gollowers-a-tu-evento","status":"publish","type":"page","link":"https:\/\/gollowers.com\/?page_id=3252","title":{"rendered":"Gollowers a tu evento"},"content":{"rendered":"\t\t<div data-elementor-type=\"wp-page\" data-elementor-id=\"3252\" class=\"elementor elementor-3252\" data-elementor-post-type=\"page\">\n\t\t\t\t\t\t<section class=\"elementor-section elementor-top-section elementor-element elementor-element-06ba0d1 elementor-section-boxed elementor-section-height-default elementor-section-height-default\" data-id=\"06ba0d1\" data-element_type=\"section\" data-e-type=\"section\">\n\t\t\t\t\t\t<div class=\"elementor-container elementor-column-gap-default\">\n\t\t\t\t\t<div class=\"elementor-column elementor-col-16 elementor-top-column elementor-element elementor-element-d096454\" data-id=\"d096454\" data-element_type=\"column\" data-e-type=\"column\">\n\t\t\t<div class=\"elementor-widget-wrap\">\n\t\t\t\t\t\t\t<\/div>\n\t\t<\/div>\n\t\t\t\t<div class=\"elementor-column elementor-col-66 elementor-top-column elementor-element elementor-element-ee1a671\" data-id=\"ee1a671\" data-element_type=\"column\" data-e-type=\"column\">\n\t\t\t<div class=\"elementor-widget-wrap elementor-element-populated\">\n\t\t\t\t\t\t<div class=\"elementor-element elementor-element-db67d3a elementor-headline--style-highlight elementor-widget elementor-widget-animated-headline\" data-id=\"db67d3a\" data-element_type=\"widget\" data-e-type=\"widget\" data-settings=\"{&quot;highlighted_text&quot;:&quot;Gollowers a tu evento?&quot;,&quot;headline_style&quot;:&quot;highlight&quot;,&quot;marker&quot;:&quot;circle&quot;,&quot;loop&quot;:&quot;yes&quot;,&quot;highlight_animation_duration&quot;:1200,&quot;highlight_iteration_delay&quot;:8000}\" data-widget_type=\"animated-headline.default\">\n\t\t\t\t<div class=\"elementor-widget-container\">\n\t\t\t\t\t\t\t<h3 class=\"elementor-headline\">\n\t\t\t\t\t<span class=\"elementor-headline-plain-text elementor-headline-text-wrapper\">\u00bfY\u00e1 sabes que es<\/span>\n\t\t\t\t<span class=\"elementor-headline-dynamic-wrapper elementor-headline-text-wrapper\">\n\t\t\t\t\t<span class=\"elementor-headline-dynamic-text elementor-headline-text-active\">Gollowers a tu evento?<\/span>\n\t\t\t\t<\/span>\n\t\t\t\t<\/h3>\n\t\t\t\t\t\t<\/div>\n\t\t\t\t<\/div>\n\t\t\t\t<div class=\"elementor-element elementor-element-85c7978 elementor-widget elementor-widget-text-editor\" data-id=\"85c7978\" data-element_type=\"widget\" data-e-type=\"widget\" data-widget_type=\"text-editor.default\">\n\t\t\t\t<div class=\"elementor-widget-container\">\n\t\t\t\t\t\t\t\t\t<h2><strong>MIRA ESTE VIDEO<\/strong><\/h2>\t\t\t\t\t\t\t\t<\/div>\n\t\t\t\t<\/div>\n\t\t\t\t<div class=\"elementor-element elementor-element-54a270e elementor-widget elementor-widget-shortcode\" data-id=\"54a270e\" data-element_type=\"widget\" data-e-type=\"widget\" data-widget_type=\"shortcode.default\">\n\t\t\t\t<div class=\"elementor-widget-container\">\n\t\t\t\t\t\t\t<div class=\"elementor-shortcode\"><iframe width=\"560\" height=\"315\" src=\"https:\/\/www.youtube.com\/embed\/BP0ogfEESg0?si=oTjO7phJkoFk15tB\" title=\"YouTube video player\" frameborder=\"0\" allow=\"accelerometer; autoplay; clipboard-write; encrypted-media; gyroscope; picture-in-picture; web-share\" allowfullscreen><\/iframe><\/div>\n\t\t\t\t\t\t<\/div>\n\t\t\t\t<\/div>\n\t\t\t\t\t<\/div>\n\t\t<\/div>\n\t\t\t\t<div class=\"elementor-column elementor-col-16 elementor-top-column elementor-element elementor-element-57a9a0d\" data-id=\"57a9a0d\" data-element_type=\"column\" data-e-type=\"column\">\n\t\t\t<div class=\"elementor-widget-wrap\">\n\t\t\t\t\t\t\t<\/div>\n\t\t<\/div>\n\t\t\t\t\t<\/div>\n\t\t<\/section>\n\t\t\t\t<section class=\"elementor-section elementor-top-section elementor-element elementor-element-fe49d6f elementor-section-boxed elementor-section-height-default elementor-section-height-default\" data-id=\"fe49d6f\" data-element_type=\"section\" data-e-type=\"section\">\n\t\t\t\t\t\t<div class=\"elementor-container elementor-column-gap-default\">\n\t\t\t\t\t<div class=\"elementor-column elementor-col-100 elementor-top-column elementor-element elementor-element-fdd0e15\" data-id=\"fdd0e15\" data-element_type=\"column\" data-e-type=\"column\">\n\t\t\t<div class=\"elementor-widget-wrap elementor-element-populated\">\n\t\t\t\t\t\t<div class=\"elementor-element elementor-element-816afa6 elementor-widget-divider--view-line_icon elementor-view-default elementor-widget-divider--element-align-center elementor-widget elementor-widget-divider\" data-id=\"816afa6\" data-element_type=\"widget\" data-e-type=\"widget\" data-widget_type=\"divider.default\">\n\t\t\t\t<div class=\"elementor-widget-container\">\n\t\t\t\t\t\t\t<div class=\"elementor-divider\">\n\t\t\t<span class=\"elementor-divider-separator\">\n\t\t\t\t\t\t\t<div class=\"elementor-icon elementor-divider__element\">\n\t\t\t\t\t<i aria-hidden=\"true\" class=\"icomoon icomoon-ball\"><\/i><\/div>\n\t\t\t\t\t\t<\/span>\n\t\t<\/div>\n\t\t\t\t\t\t<\/div>\n\t\t\t\t<\/div>\n\t\t\t\t<div class=\"elementor-element elementor-element-e6f80c8 elementor-widget elementor-widget-heading\" data-id=\"e6f80c8\" data-element_type=\"widget\" data-e-type=\"widget\" data-widget_type=\"heading.default\">\n\t\t\t\t<div class=\"elementor-widget-container\">\n\t\t\t\t\t<h2 class=\"elementor-heading-title elementor-size-default\">Paquetes disponibles para tu Show<\/h2>\t\t\t\t<\/div>\n\t\t\t\t<\/div>\n\t\t\t\t<div class=\"elementor-element elementor-element-f7fa48a elementor-widget elementor-widget-spacer\" data-id=\"f7fa48a\" data-element_type=\"widget\" data-e-type=\"widget\" data-widget_type=\"spacer.default\">\n\t\t\t\t<div class=\"elementor-widget-container\">\n\t\t\t\t\t\t\t<div class=\"elementor-spacer\">\n\t\t\t<div class=\"elementor-spacer-inner\"><\/div>\n\t\t<\/div>\n\t\t\t\t\t\t<\/div>\n\t\t\t\t<\/div>\n\t\t\t\t<section class=\"elementor-section elementor-inner-section elementor-element elementor-element-78c7bea elementor-section-boxed elementor-section-height-default elementor-section-height-default\" data-id=\"78c7bea\" data-element_type=\"section\" data-e-type=\"section\">\n\t\t\t\t\t\t<div class=\"elementor-container elementor-column-gap-default\">\n\t\t\t\t\t<div class=\"elementor-column elementor-col-50 elementor-inner-column elementor-element elementor-element-6868386\" data-id=\"6868386\" data-element_type=\"column\" data-e-type=\"column\">\n\t\t\t<div class=\"elementor-widget-wrap elementor-element-populated\">\n\t\t\t\t\t\t<div class=\"elementor-element elementor-element-965edf6 elementor-widget elementor-widget-image\" data-id=\"965edf6\" data-element_type=\"widget\" data-e-type=\"widget\" data-widget_type=\"image.default\">\n\t\t\t\t<div class=\"elementor-widget-container\">\n\t\t\t\t\t\t\t\t\t\t\t\t\t\t\t<img fetchpriority=\"high\" decoding=\"async\" width=\"800\" height=\"401\" src=\"https:\/\/gollowers.com\/wp-content\/uploads\/2024\/02\/Screenshot-2024-02-13-at-2.14.37\u202fPM.png\" class=\"attachment-large size-large wp-image-4265\" alt=\"\" srcset=\"https:\/\/gollowers.com\/wp-content\/uploads\/2024\/02\/Screenshot-2024-02-13-at-2.14.37\u202fPM.png 945w, https:\/\/gollowers.com\/wp-content\/uploads\/2024\/02\/Screenshot-2024-02-13-at-2.14.37\u202fPM-300x150.png 300w, https:\/\/gollowers.com\/wp-content\/uploads\/2024\/02\/Screenshot-2024-02-13-at-2.14.37\u202fPM-768x385.png 768w, https:\/\/gollowers.com\/wp-content\/uploads\/2024\/02\/Screenshot-2024-02-13-at-2.14.37\u202fPM-128x64.png 128w, https:\/\/gollowers.com\/wp-content\/uploads\/2024\/02\/Screenshot-2024-02-13-at-2.14.37\u202fPM-32x16.png 32w, https:\/\/gollowers.com\/wp-content\/uploads\/2024\/02\/Screenshot-2024-02-13-at-2.14.37\u202fPM-100x50.png 100w, https:\/\/gollowers.com\/wp-content\/uploads\/2024\/02\/Screenshot-2024-02-13-at-2.14.37\u202fPM-50x25.png 50w, https:\/\/gollowers.com\/wp-content\/uploads\/2024\/02\/Screenshot-2024-02-13-at-2.14.37\u202fPM-25x13.png 25w, https:\/\/gollowers.com\/wp-content\/uploads\/2024\/02\/Screenshot-2024-02-13-at-2.14.37\u202fPM-360x181.png 360w, https:\/\/gollowers.com\/wp-content\/uploads\/2024\/02\/Screenshot-2024-02-13-at-2.14.37\u202fPM-640x321.png 640w\" sizes=\"(max-width: 800px) 100vw, 800px\" \/>\t\t\t\t\t\t\t\t\t\t\t\t\t\t\t<\/div>\n\t\t\t\t<\/div>\n\t\t\t\t\t<\/div>\n\t\t<\/div>\n\t\t\t\t<div class=\"elementor-column elementor-col-50 elementor-inner-column elementor-element elementor-element-225dd24\" data-id=\"225dd24\" data-element_type=\"column\" data-e-type=\"column\">\n\t\t\t<div class=\"elementor-widget-wrap elementor-element-populated\">\n\t\t\t\t\t\t<div class=\"elementor-element elementor-element-c414285 elementor-widget elementor-widget-spacer\" data-id=\"c414285\" data-element_type=\"widget\" data-e-type=\"widget\" data-widget_type=\"spacer.default\">\n\t\t\t\t<div class=\"elementor-widget-container\">\n\t\t\t\t\t\t\t<div class=\"elementor-spacer\">\n\t\t\t<div class=\"elementor-spacer-inner\"><\/div>\n\t\t<\/div>\n\t\t\t\t\t\t<\/div>\n\t\t\t\t<\/div>\n\t\t\t\t<div class=\"elementor-element elementor-element-a1475e2 elementor-align-center elementor-widget elementor-widget-button\" data-id=\"a1475e2\" data-element_type=\"widget\" data-e-type=\"widget\" data-widget_type=\"button.default\">\n\t\t\t\t<div class=\"elementor-widget-container\">\n\t\t\t\t\t\t\t\t\t<div class=\"elementor-button-wrapper\">\n\t\t\t\t\t<a class=\"elementor-button elementor-button-link elementor-size-lg\" href=\"#\">\n\t\t\t\t\t\t<span class=\"elementor-button-content-wrapper\">\n\t\t\t\t\t\t\t\t\t<span class=\"elementor-button-text\">Cotiza tu Show AQU\u00cd<\/span>\n\t\t\t\t\t<\/span>\n\t\t\t\t\t<\/a>\n\t\t\t\t<\/div>\n\t\t\t\t\t\t\t\t<\/div>\n\t\t\t\t<\/div>\n\t\t\t\t\t<\/div>\n\t\t<\/div>\n\t\t\t\t\t<\/div>\n\t\t<\/section>\n\t\t\t\t<section class=\"elementor-section elementor-inner-section elementor-element elementor-element-de98738 elementor-section-boxed elementor-section-height-default elementor-section-height-default\" data-id=\"de98738\" data-element_type=\"section\" data-e-type=\"section\">\n\t\t\t\t\t\t<div class=\"elementor-container elementor-column-gap-default\">\n\t\t\t\t\t<div class=\"elementor-column elementor-col-50 elementor-inner-column elementor-element elementor-element-c700e50\" data-id=\"c700e50\" data-element_type=\"column\" data-e-type=\"column\">\n\t\t\t<div class=\"elementor-widget-wrap elementor-element-populated\">\n\t\t\t\t\t\t<div class=\"elementor-element elementor-element-51d25cd elementor-widget elementor-widget-image\" data-id=\"51d25cd\" data-element_type=\"widget\" data-e-type=\"widget\" data-widget_type=\"image.default\">\n\t\t\t\t<div class=\"elementor-widget-container\">\n\t\t\t\t\t\t\t\t\t\t\t\t\t\t\t<img decoding=\"async\" width=\"800\" height=\"401\" src=\"https:\/\/gollowers.com\/wp-content\/uploads\/2024\/02\/Screenshot-2024-02-13-at-2.14.47\u202fPM.png\" class=\"attachment-large size-large wp-image-4266\" alt=\"\" srcset=\"https:\/\/gollowers.com\/wp-content\/uploads\/2024\/02\/Screenshot-2024-02-13-at-2.14.47\u202fPM.png 907w, https:\/\/gollowers.com\/wp-content\/uploads\/2024\/02\/Screenshot-2024-02-13-at-2.14.47\u202fPM-300x150.png 300w, https:\/\/gollowers.com\/wp-content\/uploads\/2024\/02\/Screenshot-2024-02-13-at-2.14.47\u202fPM-768x385.png 768w, https:\/\/gollowers.com\/wp-content\/uploads\/2024\/02\/Screenshot-2024-02-13-at-2.14.47\u202fPM-128x64.png 128w, https:\/\/gollowers.com\/wp-content\/uploads\/2024\/02\/Screenshot-2024-02-13-at-2.14.47\u202fPM-32x16.png 32w, https:\/\/gollowers.com\/wp-content\/uploads\/2024\/02\/Screenshot-2024-02-13-at-2.14.47\u202fPM-100x50.png 100w, https:\/\/gollowers.com\/wp-content\/uploads\/2024\/02\/Screenshot-2024-02-13-at-2.14.47\u202fPM-50x25.png 50w, https:\/\/gollowers.com\/wp-content\/uploads\/2024\/02\/Screenshot-2024-02-13-at-2.14.47\u202fPM-25x13.png 25w, https:\/\/gollowers.com\/wp-content\/uploads\/2024\/02\/Screenshot-2024-02-13-at-2.14.47\u202fPM-360x181.png 360w, https:\/\/gollowers.com\/wp-content\/uploads\/2024\/02\/Screenshot-2024-02-13-at-2.14.47\u202fPM-640x321.png 640w\" sizes=\"(max-width: 800px) 100vw, 800px\" \/>\t\t\t\t\t\t\t\t\t\t\t\t\t\t\t<\/div>\n\t\t\t\t<\/div>\n\t\t\t\t\t<\/div>\n\t\t<\/div>\n\t\t\t\t<div class=\"elementor-column elementor-col-50 elementor-inner-column elementor-element elementor-element-cead75a\" data-id=\"cead75a\" data-element_type=\"column\" data-e-type=\"column\">\n\t\t\t<div class=\"elementor-widget-wrap elementor-element-populated\">\n\t\t\t\t\t\t<div class=\"elementor-element elementor-element-c38ab27 elementor-widget elementor-widget-spacer\" data-id=\"c38ab27\" data-element_type=\"widget\" data-e-type=\"widget\" data-widget_type=\"spacer.default\">\n\t\t\t\t<div class=\"elementor-widget-container\">\n\t\t\t\t\t\t\t<div class=\"elementor-spacer\">\n\t\t\t<div class=\"elementor-spacer-inner\"><\/div>\n\t\t<\/div>\n\t\t\t\t\t\t<\/div>\n\t\t\t\t<\/div>\n\t\t\t\t<div class=\"elementor-element elementor-element-7de5ff0 elementor-align-center elementor-widget elementor-widget-button\" data-id=\"7de5ff0\" data-element_type=\"widget\" data-e-type=\"widget\" data-widget_type=\"button.default\">\n\t\t\t\t<div class=\"elementor-widget-container\">\n\t\t\t\t\t\t\t\t\t<div class=\"elementor-button-wrapper\">\n\t\t\t\t\t<a class=\"elementor-button elementor-button-link elementor-size-lg\" href=\"#\">\n\t\t\t\t\t\t<span class=\"elementor-button-content-wrapper\">\n\t\t\t\t\t\t\t\t\t<span class=\"elementor-button-text\">Cotiza tu Show AQU\u00cd<\/span>\n\t\t\t\t\t<\/span>\n\t\t\t\t\t<\/a>\n\t\t\t\t<\/div>\n\t\t\t\t\t\t\t\t<\/div>\n\t\t\t\t<\/div>\n\t\t\t\t\t<\/div>\n\t\t<\/div>\n\t\t\t\t\t<\/div>\n\t\t<\/section>\n\t\t\t\t<section class=\"elementor-section elementor-inner-section elementor-element elementor-element-7d7e53e elementor-section-boxed elementor-section-height-default elementor-section-height-default\" data-id=\"7d7e53e\" data-element_type=\"section\" data-e-type=\"section\">\n\t\t\t\t\t\t<div class=\"elementor-container elementor-column-gap-default\">\n\t\t\t\t\t<div class=\"elementor-column elementor-col-50 elementor-inner-column elementor-element elementor-element-8a78c91\" data-id=\"8a78c91\" data-element_type=\"column\" data-e-type=\"column\">\n\t\t\t<div class=\"elementor-widget-wrap elementor-element-populated\">\n\t\t\t\t\t\t<div class=\"elementor-element elementor-element-9b09792 elementor-widget elementor-widget-image\" data-id=\"9b09792\" data-element_type=\"widget\" data-e-type=\"widget\" data-widget_type=\"image.default\">\n\t\t\t\t<div class=\"elementor-widget-container\">\n\t\t\t\t\t\t\t\t\t\t\t\t\t\t\t<img decoding=\"async\" width=\"800\" height=\"400\" src=\"https:\/\/gollowers.com\/wp-content\/uploads\/2024\/02\/Screenshot-2024-02-13-at-2.15.00\u202fPM.png\" class=\"attachment-large size-large wp-image-4267\" alt=\"\" srcset=\"https:\/\/gollowers.com\/wp-content\/uploads\/2024\/02\/Screenshot-2024-02-13-at-2.15.00\u202fPM.png 975w, https:\/\/gollowers.com\/wp-content\/uploads\/2024\/02\/Screenshot-2024-02-13-at-2.15.00\u202fPM-300x150.png 300w, https:\/\/gollowers.com\/wp-content\/uploads\/2024\/02\/Screenshot-2024-02-13-at-2.15.00\u202fPM-768x384.png 768w, https:\/\/gollowers.com\/wp-content\/uploads\/2024\/02\/Screenshot-2024-02-13-at-2.15.00\u202fPM-128x64.png 128w, https:\/\/gollowers.com\/wp-content\/uploads\/2024\/02\/Screenshot-2024-02-13-at-2.15.00\u202fPM-32x16.png 32w, https:\/\/gollowers.com\/wp-content\/uploads\/2024\/02\/Screenshot-2024-02-13-at-2.15.00\u202fPM-100x50.png 100w, https:\/\/gollowers.com\/wp-content\/uploads\/2024\/02\/Screenshot-2024-02-13-at-2.15.00\u202fPM-50x25.png 50w, https:\/\/gollowers.com\/wp-content\/uploads\/2024\/02\/Screenshot-2024-02-13-at-2.15.00\u202fPM-25x12.png 25w, https:\/\/gollowers.com\/wp-content\/uploads\/2024\/02\/Screenshot-2024-02-13-at-2.15.00\u202fPM-360x180.png 360w, https:\/\/gollowers.com\/wp-content\/uploads\/2024\/02\/Screenshot-2024-02-13-at-2.15.00\u202fPM-640x320.png 640w\" sizes=\"(max-width: 800px) 100vw, 800px\" \/>\t\t\t\t\t\t\t\t\t\t\t\t\t\t\t<\/div>\n\t\t\t\t<\/div>\n\t\t\t\t\t<\/div>\n\t\t<\/div>\n\t\t\t\t<div class=\"elementor-column elementor-col-50 elementor-inner-column elementor-element elementor-element-47864df\" data-id=\"47864df\" data-element_type=\"column\" data-e-type=\"column\">\n\t\t\t<div class=\"elementor-widget-wrap elementor-element-populated\">\n\t\t\t\t\t\t<div class=\"elementor-element elementor-element-dee2a95 elementor-widget elementor-widget-spacer\" data-id=\"dee2a95\" data-element_type=\"widget\" data-e-type=\"widget\" data-widget_type=\"spacer.default\">\n\t\t\t\t<div class=\"elementor-widget-container\">\n\t\t\t\t\t\t\t<div class=\"elementor-spacer\">\n\t\t\t<div class=\"elementor-spacer-inner\"><\/div>\n\t\t<\/div>\n\t\t\t\t\t\t<\/div>\n\t\t\t\t<\/div>\n\t\t\t\t<div class=\"elementor-element elementor-element-cc69930 elementor-align-center elementor-widget elementor-widget-button\" data-id=\"cc69930\" data-element_type=\"widget\" data-e-type=\"widget\" data-widget_type=\"button.default\">\n\t\t\t\t<div class=\"elementor-widget-container\">\n\t\t\t\t\t\t\t\t\t<div class=\"elementor-button-wrapper\">\n\t\t\t\t\t<a class=\"elementor-button elementor-button-link elementor-size-lg\" href=\"#\">\n\t\t\t\t\t\t<span class=\"elementor-button-content-wrapper\">\n\t\t\t\t\t\t\t\t\t<span class=\"elementor-button-text\">Cotiza tu Show AQU\u00cd<\/span>\n\t\t\t\t\t<\/span>\n\t\t\t\t\t<\/a>\n\t\t\t\t<\/div>\n\t\t\t\t\t\t\t\t<\/div>\n\t\t\t\t<\/div>\n\t\t\t\t\t<\/div>\n\t\t<\/div>\n\t\t\t\t\t<\/div>\n\t\t<\/section>\n\t\t\t\t\t<\/div>\n\t\t<\/div>\n\t\t\t\t\t<\/div>\n\t\t<\/section>\n\t\t\t\t<\/div>\n\t\t","protected":false},"excerpt":{"rendered":"<p>\u00bfY\u00e1 sabes que es Gollowers a tu evento? MIRA ESTE VIDEO Paquetes disponibles para tu Show Cotiza tu Show AQU\u00cd Cotiza tu Show AQU\u00cd Cotiza tu Show AQU\u00cd<\/p>\n","protected":false},"author":1,"featured_media":0,"parent":0,"menu_order":0,"comment_status":"closed","ping_status":"closed","template":"elementor_header_footer","meta":{"_mc_calendar":[],"_joinchat":[],"footnotes":""},"class_list":["post-3252","page","type-page","status-publish","hentry"],"jetpack_sharing_enabled":true,"_links":{"self":[{"href":"https:\/\/gollowers.com\/index.php?rest_route=\/wp\/v2\/pages\/3252"}],"collection":[{"href":"https:\/\/gollowers.com\/index.php?rest_route=\/wp\/v2\/pages"}],"about":[{"href":"https:\/\/gollowers.com\/index.php?rest_route=\/wp\/v2\/types\/page"}],"author":[{"embeddable":true,"href":"https:\/\/gollowers.com\/index.php?rest_route=\/wp\/v2\/users\/1"}],"replies":[{"embeddable":true,"href":"https:\/\/gollowers.com\/index.php?rest_route=%2Fwp%2Fv2%2Fcomments&post=3252"}],"version-history":[{"count":23,"href":"https:\/\/gollowers.com\/index.php?rest_route=\/wp\/v2\/pages\/3252\/revisions"}],"predecessor-version":[{"id":4436,"href":"https:\/\/gollowers.com\/index.php?rest_route=\/wp\/v2\/pages\/3252\/revisions\/4436"}],"wp:attachment":[{"href":"https:\/\/gollowers.com\/index.php?rest_route=%2Fwp%2Fv2%2Fmedia&parent=3252"}],"curies":[{"name":"wp","href":"https:\/\/api.w.org\/{rel}","templated":true}]}}